{"id":13151,"date":"2013-05-24T20:01:55","date_gmt":"2013-05-24T20:01:55","guid":{"rendered":"https:\/\/winter-princess.com\/culture\/"},"modified":"2023-11-21T14:26:22","modified_gmt":"2023-11-21T14:26:22","slug":"culture","status":"publish","type":"page","link":"https:\/\/winter-princess.com\/fr\/culture\/","title":{"rendered":"Culture"},"content":{"rendered":"<div class=\"fusion-fullwidth fullwidth-box fusion-builder-row-1 hundred-percent-fullwidth non-hundred-percent-height-scrolling\" style=\"--awb-border-radius-top-left:0px;--awb-border-radius-top-right:0px;--awb-border-radius-bottom-right:0px;--awb-border-radius-bottom-left:0px;--awb-overflow:visible;--awb-flex-wrap:wrap;\" ><div class=\"fusion-builder-row fusion-row\"><div class=\"fusion-layout-column fusion_builder_column fusion-builder-column-0 fusion_builder_column_1_2 1_2 fusion-one-half fusion-column-first\" style=\"--awb-bg-size:cover;width:48%; margin-right: 4%;\"><div class=\"fusion-column-wrapper fusion-flex-column-wrapper-legacy\"><div class=\"fusion-text fusion-text-1\"><p><img decoding=\"async\" width=\"580\" height=\"388\" class=\"alignnone size-medium wp-image-12211\" src=\"https:\/\/winter-princess.com\/wp-content\/uploads\/2018\/08\/Kwekerij.jpg\" alt=\"\" srcset=\"https:\/\/winter-princess.com\/wp-content\/uploads\/2018\/08\/Kwekerij-200x134.jpg 200w, https:\/\/winter-princess.com\/wp-content\/uploads\/2018\/08\/Kwekerij-300x201.jpg 300w, https:\/\/winter-princess.com\/wp-content\/uploads\/2018\/08\/Kwekerij-400x268.jpg 400w, https:\/\/winter-princess.com\/wp-content\/uploads\/2018\/08\/Kwekerij.jpg 580w\" sizes=\"(max-width: 580px) 100vw, 580px\" \/><\/p>\n<\/div><div class=\"fusion-clearfix\"><\/div><\/div><\/div><div class=\"fusion-layout-column fusion_builder_column fusion-builder-column-1 fusion_builder_column_1_2 1_2 fusion-one-half fusion-column-last\" style=\"--awb-bg-size:cover;width:48%;\"><div class=\"fusion-column-wrapper fusion-flex-column-wrapper-legacy\"><div class=\"fusion-title title fusion-title-1 fusion-sep-none fusion-title-text fusion-title-size-two\" style=\"--awb-margin-top-small:0px;--awb-margin-right-small:0px;--awb-margin-bottom-small:20px;--awb-margin-left-small:0px;\"><h2 class=\"fusion-title-heading title-heading-left fusion-responsive-typography-calculated\" style=\"margin:0;--fontSize:18;--minFontSize:18;line-height:1.5;\">Culture<\/h2><\/div><div class=\"fusion-text fusion-text-2\"><p>Les hell\u00e9bores en fleurs de la collection Winter Princess proviennent toutes de cultures de tissus, ce qui les prot\u00e8ge de virus. Il faudra compter en moyenne 2 \u00e0 2,5 ans de la culture de tissus \u00e0 la floraison de l&rsquo;hell\u00e9bore.<\/p>\n<p>Les plantes sont d&rsquo;abord cultiv\u00e9es dans des serres avant d&rsquo;\u00eatre finies dans des champs ext\u00e9rieurs au cours de la 2<sup>e<\/sup> ann\u00e9e. Nous obtiendrons ainsi de belles plantes d&rsquo;hell\u00e9bores endurcies.<\/p>\n<p>Les vari\u00e9t\u00e9s de la collection Winter Princess ont \u00e9t\u00e9 choisies apr\u00e8s un travail de s\u00e9lection et des essais rigoureux.<\/p>\n<p>La culture des hell\u00e9bores n\u00e9cessite une attention de jour comme de nuit \u00e0 la p\u00e9pini\u00e8re, ce que nous aimons faire. Une fois dans le jardin de fleurs, c&rsquo;est une plante gratifiante et facile \u00e0 entretenir.<\/p>\n<\/div><div class=\"fusion-clearfix\"><\/div><\/div><\/div><div class=\"fusion-layout-column fusion_builder_column fusion-builder-column-2 fusion_builder_column_1_1 1_1 fusion-one-full fusion-column-first fusion-column-last fusion-column-no-min-height\" style=\"--awb-bg-size:cover;--awb-margin-bottom:0px;\"><div class=\"fusion-column-wrapper fusion-flex-column-wrapper-legacy\"><div class=\"fusion-sep-clear\"><\/div><div class=\"fusion-separator fusion-full-width-sep\" style=\"margin-left: auto;margin-right: auto;margin-top:30px;margin-bottom:60px;width:100%;\"><div class=\"fusion-separator-border sep-single sep-solid\" style=\"--awb-height:20px;--awb-amount:20px;--awb-sep-color:#c59f6c;border-color:#c59f6c;border-top-width:1px;\"><\/div><\/div><div class=\"fusion-sep-clear\"><\/div><div class=\"fusion-clearfix\"><\/div><\/div><\/div><\/div><\/div>\n","protected":false},"excerpt":{"rendered":"","protected":false},"author":1,"featured_media":0,"parent":0,"menu_order":0,"comment_status":"open","ping_status":"closed","template":"","meta":{"footnotes":""},"class_list":["post-13151","page","type-page","status-publish","hentry"],"_links":{"self":[{"href":"https:\/\/winter-princess.com\/fr\/wp-json\/wp\/v2\/pages\/13151","targetHints":{"allow":["GET"]}}],"collection":[{"href":"https:\/\/winter-princess.com\/fr\/wp-json\/wp\/v2\/pages"}],"about":[{"href":"https:\/\/winter-princess.com\/fr\/wp-json\/wp\/v2\/types\/page"}],"author":[{"embeddable":true,"href":"https:\/\/winter-princess.com\/fr\/wp-json\/wp\/v2\/users\/1"}],"replies":[{"embeddable":true,"href":"https:\/\/winter-princess.com\/fr\/wp-json\/wp\/v2\/comments?post=13151"}],"version-history":[{"count":2,"href":"https:\/\/winter-princess.com\/fr\/wp-json\/wp\/v2\/pages\/13151\/revisions"}],"predecessor-version":[{"id":13155,"href":"https:\/\/winter-princess.com\/fr\/wp-json\/wp\/v2\/pages\/13151\/revisions\/13155"}],"wp:attachment":[{"href":"https:\/\/winter-princess.com\/fr\/wp-json\/wp\/v2\/media?parent=13151"}],"curies":[{"name":"wp","href":"https:\/\/api.w.org\/{rel}","templated":true}]}}