{"id":13133,"date":"2018-08-20T09:42:05","date_gmt":"2018-08-20T09:42:05","guid":{"rendered":"https:\/\/winter-princess.com\/conseils-dentretien\/"},"modified":"2023-12-01T10:31:59","modified_gmt":"2023-12-01T10:31:59","slug":"conseils-dentretien","status":"publish","type":"page","link":"https:\/\/winter-princess.com\/fr\/conseils-dentretien\/","title":{"rendered":"Conseils d&rsquo;entretien"},"content":{"rendered":"<p><div class=\"fusion-fullwidth fullwidth-box fusion-builder-row-1 nonhundred-percent-fullwidth non-hundred-percent-height-scrolling\" style=\"--awb-background-position:left top;--awb-border-sizes-top:0px;--awb-border-sizes-bottom:0px;--awb-border-sizes-left:0px;--awb-border-sizes-right:0px;--awb-border-radius-top-left:0px;--awb-border-radius-top-right:0px;--awb-border-radius-bottom-right:0px;--awb-border-radius-bottom-left:0px;--awb-padding-top:55px;--awb-padding-bottom:40px;--awb-background-color:#c59f6c;--awb-flex-wrap:wrap;\" ><div class=\"fusion-builder-row fusion-row\"><div class=\"fusion-layout-column fusion_builder_column fusion-builder-column-0 fusion_builder_column_1_1 1_1 fusion-one-full fusion-column-first fusion-column-last fusion-column-no-min-height\" style=\"--awb-bg-size:cover;--awb-margin-bottom:0px;\"><div class=\"fusion-column-wrapper fusion-flex-column-wrapper-legacy\"><div class=\"fusion-text fusion-text-1\"><h2 style=\"text-align: center; font-size: 30px; line-height: 40px;\"><span style=\"color: #ffffff;\">Conseils d&rsquo;entretien<\/span><\/h2>\n<\/div><div class=\"fusion-clearfix\"><\/div><\/div><\/div><div class=\"fusion-layout-column fusion_builder_column fusion-builder-column-1 fusion_builder_column_1_1 1_1 fusion-one-full fusion-column-first fusion-column-last fusion-column-no-min-height\" style=\"--awb-bg-size:cover;--awb-margin-bottom:0px;\"><div class=\"fusion-column-wrapper fusion-flex-column-wrapper-legacy\"><div class=\"fusion-text fusion-text-2\"><p style=\"text-align: center; font-size: 18px; line-height: 29px;\"><span style=\"color: #ffffff;\">L&rsquo;hell\u00e9bore est \u00e9galement connu sous le nom de rose de No\u00ebl ou d&rsquo;at\u00e8le. Il existe jusqu&rsquo;\u00e0 20 esp\u00e8ces diff\u00e9rentes d&rsquo;hell\u00e9bores, dont des vari\u00e9t\u00e9s \u00e0 feuilles persistantes et des vari\u00e9t\u00e9s \u00e0 feuilles caduques. Les plantes sont toxiques, il faut donc en tenir compte lorsque l&rsquo;on coupe une fleur ou des feuilles. La plante fleurit, selon la vari\u00e9t\u00e9, de d\u00e9cembre \u00e0 avril. Il s&rsquo;agit donc d&rsquo;une des plantes \u00e0 floraison hivernale. L&rsquo;hell\u00e9bore aime rester \u00e0 l&rsquo;endroit o\u00f9 il est plant\u00e9.<br \/>\nLa plupart des esp\u00e8ces d&rsquo;hell\u00e9bores se trouvent dans les Balkans. Deux esp\u00e8ces sont originaires des \u00eeles m\u00e9diterran\u00e9ennes : Helleborus argutifolius en Corse et en Sardaigne, et Helleborus lividus aux Bal\u00e9ares. Deux autres esp\u00e8ces sont originaires d&rsquo;Asie : Helleborus vesicarius en Asie mineure (sud de la Turquie et nord de la Syrie) et Helleborus thibetanus en Chine.<\/span><\/p>\n<\/div><div class=\"fusion-clearfix\"><\/div><\/div><\/div><\/div><\/div><div class=\"fusion-fullwidth fullwidth-box fusion-builder-row-2 hundred-percent-fullwidth non-hundred-percent-height-scrolling\" style=\"--awb-border-radius-top-left:0px;--awb-border-radius-top-right:0px;--awb-border-radius-bottom-right:0px;--awb-border-radius-bottom-left:0px;--awb-overflow:visible;--awb-flex-wrap:wrap;\" ><div class=\"fusion-builder-row fusion-row\"><div class=\"fusion-layout-column fusion_builder_column fusion-builder-column-2 fusion_builder_column_1_1 1_1 fusion-one-full fusion-column-first fusion-column-last fusion-column-no-min-height\" style=\"--awb-bg-size:cover;--awb-margin-bottom:0px;\"><div class=\"fusion-column-wrapper fusion-flex-column-wrapper-legacy\"><div class=\"fusion-section-separator section-separator triangle fusion-section-separator-1\" style=\"--awb-border-bottom:1px solid #c59f6c;--awb-spacer-height:1px;--awb-svg-margin-left:0;--awb-svg-margin-right:0;--awb-icon-color:;\"><div class=\"fusion-section-separator-svg\"><div class=\"divider-candy-arrow bottom\" style=\"top:0px;border-top-color: #c59f6c;\"><\/div><div class=\"divider-candy bottom\" style=\"bottom:-21px;border-bottom:1px solid #c59f6c;border-left:1px solid #c59f6c;\"><\/div><\/div><div class=\"fusion-section-separator-spacer\"><div class=\"fusion-section-separator-spacer-height\"><\/div><\/div><\/div><div class=\"fusion-clearfix\"><\/div><\/div><\/div><\/div><\/div><div class=\"fusion-fullwidth fullwidth-box fusion-builder-row-3 hundred-percent-fullwidth non-hundred-percent-height-scrolling\" style=\"--awb-border-radius-top-left:0px;--awb-border-radius-top-right:0px;--awb-border-radius-bottom-right:0px;--awb-border-radius-bottom-left:0px;--awb-overflow:visible;--awb-flex-wrap:wrap;\" ><div class=\"fusion-builder-row fusion-row\"><div class=\"fusion-layout-column fusion_builder_column fusion-builder-column-3 fusion_builder_column_1_1 1_1 fusion-one-full fusion-column-first fusion-column-last fusion-column-no-min-height\" style=\"--awb-bg-size:cover;--awb-margin-bottom:0px;\"><div class=\"fusion-column-wrapper fusion-flex-column-wrapper-legacy\"><div class=\"fusion-section-separator section-separator triangle fusion-section-separator-2\" style=\"--awb-border-bottom:1px solid #c59f6c;--awb-spacer-height:1px;--awb-svg-margin-left:0;--awb-svg-margin-right:0;--awb-icon-color:;\"><div class=\"fusion-section-separator-svg\"><div class=\"divider-candy-arrow bottom\" style=\"top:0px;border-top-color: #c59f6c;\"><\/div><div class=\"divider-candy bottom\" style=\"bottom:-21px;border-bottom:1px solid #c59f6c;border-left:1px solid #c59f6c;\"><\/div><\/div><div class=\"fusion-section-separator-spacer\"><div class=\"fusion-section-separator-spacer-height\"><\/div><\/div><\/div><div class=\"fusion-clearfix\"><\/div><\/div><\/div><\/div><\/div><div class=\"fusion-fullwidth fullwidth-box fusion-builder-row-4 nonhundred-percent-fullwidth non-hundred-percent-height-scrolling fusion-equal-height-columns fwcHome\" style=\"--awb-background-position:left top;--awb-background-repeat:repeat;--awb-border-sizes-top:0px;--awb-border-sizes-bottom:0px;--awb-border-sizes-left:0px;--awb-border-sizes-right:0px;--awb-border-radius-top-left:0px;--awb-border-radius-top-right:0px;--awb-border-radius-bottom-right:0px;--awb-border-radius-bottom-left:0px;--awb-padding-top:95px;--awb-padding-bottom:100px;--awb-background-color:#231f20;--awb-flex-wrap:wrap;\" ><div class=\"fusion-builder-row fusion-row\"><div class=\"fusion-layout-column fusion_builder_column fusion-builder-column-4 fusion_builder_column_1_3 1_3 fusion-one-third fusion-column-first\" style=\"--awb-padding-top:30px;--awb-padding-right:30px;--awb-padding-bottom:30px;--awb-padding-left:30px;--awb-bg-color:rgba(255,255,255,.9);--awb-bg-color-hover:rgba(255,255,255,.9);--awb-bg-size:cover;width:30.6666%; margin-right: 4%;\"><div class=\"fusion-column-wrapper fusion-flex-column-wrapper-legacy\"><div class=\"fusion-image-element fusion-image-align-center in-legacy-container\" style=\"text-align:center;--awb-caption-title-font-family:var(--h2_typography-font-family);--awb-caption-title-font-weight:var(--h2_typography-font-weight);--awb-caption-title-font-style:var(--h2_typography-font-style);--awb-caption-title-size:var(--h2_typography-font-size);--awb-caption-title-transform:var(--h2_typography-text-transform);--awb-caption-title-line-height:var(--h2_typography-line-height);--awb-caption-title-letter-spacing:var(--h2_typography-letter-spacing);\"><div class=\"imageframe-align-center\"><span class=\" fusion-imageframe imageframe-none imageframe-1 hover-type-none\"><img decoding=\"async\" width=\"100\" height=\"100\" title=\"Icoon-winterhard\" src=\"https:\/\/winter-princess.com\/wp-content\/uploads\/2018\/08\/Icoon-winterhard.png\" alt class=\"img-responsive wp-image-12637\" srcset=\"https:\/\/winter-princess.com\/wp-content\/uploads\/2018\/08\/Icoon-winterhard-66x66.png 66w, https:\/\/winter-princess.com\/wp-content\/uploads\/2018\/08\/Icoon-winterhard.png 100w\" sizes=\"(max-width: 100px) 100vw, 100px\" \/><\/span><\/div><\/div><div class=\"fusion-sep-clear\"><\/div><div class=\"fusion-separator fusion-full-width-sep\" style=\"margin-left: auto;margin-right: auto;margin-top:12px;margin-bottom:12px;width:100%;\"><\/div><div class=\"fusion-sep-clear\"><\/div><div class=\"fusion-text fusion-text-3\"><h2 style=\"text-align: center;\"><strong>R\u00e9sistant \u00e0 l\u2019hiver<\/strong><\/h2>\n<\/div><div class=\"fusion-sep-clear\"><\/div><div class=\"fusion-separator fusion-full-width-sep\" style=\"margin-left: auto;margin-right: auto;margin-top:-5px;margin-bottom:-5px;width:100%;\"><\/div><div class=\"fusion-sep-clear\"><\/div><div class=\"fusion-text fusion-text-4\"><p style=\"text-align: center;\">Si l&rsquo;hell\u00e9bore est plant\u00e9 en pleine terre, il est r\u00e9sistant \u00e0 l\u2019hiver \u00e0 des temp\u00e9ratures de -20\u00b0C maximum. La condition pr\u00e9alable est que la plante ne soit pas impact\u00e9e par des courants d\u2019air ; elle doit \u00eatre abrit\u00e9e. Si la plante est expos\u00e9e \u00e0 un vent trop fort ou \u00e0 un courant d&rsquo;air, les fleurs peuvent \u00eatre affect\u00e9es. Si l&rsquo;hell\u00e9bore est en pot, il est pr\u00e9f\u00e9rable de le placer \u00e0 l&rsquo;int\u00e9rieur en cas de fortes gel\u00e9es, mais pas \u00e0 une temp\u00e9rature sup\u00e9rieure \u00e0 10\u00b0C.<\/p>\n<\/div><div class=\"fusion-clearfix\"><\/div><\/div><\/div><div class=\"fusion-layout-column fusion_builder_column fusion-builder-column-5 fusion_builder_column_1_3 1_3 fusion-one-third\" style=\"--awb-padding-top:30px;--awb-padding-right:30px;--awb-padding-bottom:30px;--awb-padding-left:30px;--awb-bg-color:rgba(255,255,255,.9);--awb-bg-color-hover:rgba(255,255,255,.9);--awb-bg-size:cover;width:30.6666%; margin-right: 4%;\"><div class=\"fusion-column-wrapper fusion-flex-column-wrapper-legacy\"><div class=\"fusion-image-element fusion-image-align-center in-legacy-container\" style=\"text-align:center;--awb-caption-title-font-family:var(--h2_typography-font-family);--awb-caption-title-font-weight:var(--h2_typography-font-weight);--awb-caption-title-font-style:var(--h2_typography-font-style);--awb-caption-title-size:var(--h2_typography-font-size);--awb-caption-title-transform:var(--h2_typography-text-transform);--awb-caption-title-line-height:var(--h2_typography-line-height);--awb-caption-title-letter-spacing:var(--h2_typography-letter-spacing);\"><div class=\"imageframe-align-center\"><span class=\" fusion-imageframe imageframe-none imageframe-2 hover-type-none\"><img decoding=\"async\" width=\"100\" height=\"100\" title=\"Icoon-standplaats\" src=\"https:\/\/winter-princess.com\/wp-content\/uploads\/2018\/08\/Icoon-standplaats.png\" alt class=\"img-responsive wp-image-12643\" srcset=\"https:\/\/winter-princess.com\/wp-content\/uploads\/2018\/08\/Icoon-standplaats-66x66.png 66w, https:\/\/winter-princess.com\/wp-content\/uploads\/2018\/08\/Icoon-standplaats.png 100w\" sizes=\"(max-width: 100px) 100vw, 100px\" \/><\/span><\/div><\/div><div class=\"fusion-sep-clear\"><\/div><div class=\"fusion-separator fusion-full-width-sep\" style=\"margin-left: auto;margin-right: auto;margin-top:12px;margin-bottom:12px;width:100%;\"><\/div><div class=\"fusion-sep-clear\"><\/div><div class=\"fusion-text fusion-text-5\"><h2 style=\"text-align: center;\"><strong>Localisation<\/strong><\/h2>\n<\/div><div class=\"fusion-sep-clear\"><\/div><div class=\"fusion-separator fusion-full-width-sep\" style=\"margin-left: auto;margin-right: auto;margin-top:-5px;margin-bottom:-5px;width:100%;\"><\/div><div class=\"fusion-sep-clear\"><\/div><div class=\"fusion-text fusion-text-6\"><p style=\"text-align: center;\">Elle aime \u00eatre partiellement \u00e0 l&rsquo;ombre, mais peut tol\u00e9rer plus de soleil tant que le sol ne s&rsquo;ass\u00e8che pas. Le sol doit \u00eatre de pr\u00e9f\u00e9rence humide mais pas trop, c&rsquo;est-\u00e0-dire bien drain\u00e9. En outre, il pr\u00e9f\u00e8re les sols calcaires, fertiles et riches en humus. La plante pr\u00e9f\u00e8re un endroit abrit\u00e9 du vent.<\/p>\n<\/div><div class=\"fusion-clearfix\"><\/div><\/div><\/div><div class=\"fusion-layout-column fusion_builder_column fusion-builder-column-6 fusion_builder_column_1_3 1_3 fusion-one-third fusion-column-last\" style=\"--awb-padding-top:30px;--awb-padding-right:30px;--awb-padding-bottom:30px;--awb-padding-left:30px;--awb-bg-color:rgba(255,255,255,.9);--awb-bg-color-hover:rgba(255,255,255,.9);--awb-bg-size:cover;width:30.6666%;\"><div class=\"fusion-column-wrapper fusion-flex-column-wrapper-legacy\"><div class=\"fusion-image-element fusion-image-align-center in-legacy-container\" style=\"text-align:center;--awb-caption-title-font-family:var(--h2_typography-font-family);--awb-caption-title-font-weight:var(--h2_typography-font-weight);--awb-caption-title-font-style:var(--h2_typography-font-style);--awb-caption-title-size:var(--h2_typography-font-size);--awb-caption-title-transform:var(--h2_typography-text-transform);--awb-caption-title-line-height:var(--h2_typography-line-height);--awb-caption-title-letter-spacing:var(--h2_typography-letter-spacing);\"><div class=\"imageframe-align-center\"><span class=\" fusion-imageframe imageframe-none imageframe-3 hover-type-none\"><img decoding=\"async\" width=\"100\" height=\"100\" title=\"Icoon-blad_en_bloemen\" src=\"https:\/\/winter-princess.com\/wp-content\/uploads\/2018\/08\/Icoon-blad_en_bloemen.png\" alt class=\"img-responsive wp-image-12649\" srcset=\"https:\/\/winter-princess.com\/wp-content\/uploads\/2018\/08\/Icoon-blad_en_bloemen-66x66.png 66w, https:\/\/winter-princess.com\/wp-content\/uploads\/2018\/08\/Icoon-blad_en_bloemen.png 100w\" sizes=\"(max-width: 100px) 100vw, 100px\" \/><\/span><\/div><\/div><div class=\"fusion-sep-clear\"><\/div><div class=\"fusion-separator fusion-full-width-sep\" style=\"margin-left: auto;margin-right: auto;margin-top:12px;margin-bottom:12px;width:100%;\"><\/div><div class=\"fusion-sep-clear\"><\/div><div class=\"fusion-text fusion-text-7\"><h2 style=\"text-align: center;\"><strong>Feuilles et fleurs<\/strong><\/h2>\n<\/div><div class=\"fusion-sep-clear\"><\/div><div class=\"fusion-separator fusion-full-width-sep\" style=\"margin-left: auto;margin-right: auto;margin-top:-5px;margin-bottom:-5px;width:100%;\"><\/div><div class=\"fusion-sep-clear\"><\/div><div class=\"fusion-text fusion-text-8\"><p style=\"text-align: center;\">En hiver, lorsque les fleurs deviennent visibles, vous pouvez couper une partie du feuillage pour mieux faire ressortir les fleurs. Au d\u00e9but du mois de juin, il est conseill\u00e9 de couper les feuilles disgracieuses de la plante. Les nouvelles feuilles sont souvent d\u00e9j\u00e0 visibles au c\u0153ur de la plante.<\/p>\n<p style=\"text-align: center;\">Les fleurs peuvent \u00eatre coup\u00e9es \u00e0 la fin du mois de mai, ce qui favorise la floraison pour l&rsquo;ann\u00e9e suivante. Si vous laissez les fleurs sur la plante, des graines se formeront. De nouvelles plantules peuvent \u00e9merger de la graine. Elles ne sont pas sp\u00e9cifiques \u00e0 une esp\u00e8ce et les fleurs peuvent donc \u00eatre de couleur diff\u00e9rente de celle de la premi\u00e8re plante. Par ailleurs, il faut quelques ann\u00e9es pour qu&rsquo;un plant commence \u00e0 porter des fleurs.<\/p>\n<\/div><div class=\"fusion-clearfix\"><\/div><\/div><\/div><div class=\"fusion-layout-column fusion_builder_column fusion-builder-column-7 fusion_builder_column_1_1 1_1 fusion-one-full fusion-column-first fusion-column-last fusion-column-no-min-height\" style=\"--awb-bg-size:cover;--awb-margin-bottom:0px;\"><div class=\"fusion-column-wrapper fusion-flex-column-wrapper-legacy\"><div class=\"fusion-sep-clear\"><\/div><div class=\"fusion-separator fusion-full-width-sep\" style=\"margin-left: auto;margin-right: auto;margin-top:10px;margin-bottom:10px;width:100%;\"><\/div><div class=\"fusion-sep-clear\"><\/div><div class=\"fusion-clearfix\"><\/div><\/div><\/div><div class=\"fusion-layout-column fusion_builder_column fusion-builder-column-8 fusion_builder_column_1_3 1_3 fusion-one-third fusion-column-first\" style=\"--awb-padding-top:30px;--awb-padding-right:30px;--awb-padding-bottom:30px;--awb-padding-left:30px;--awb-bg-color:rgba(255,255,255,.9);--awb-bg-color-hover:rgba(255,255,255,.9);--awb-bg-size:cover;width:30.6666%; margin-right: 4%;\"><div class=\"fusion-column-wrapper fusion-flex-column-wrapper-legacy\"><div class=\"fusion-image-element fusion-image-align-center in-legacy-container\" style=\"text-align:center;--awb-caption-title-font-family:var(--h2_typography-font-family);--awb-caption-title-font-weight:var(--h2_typography-font-weight);--awb-caption-title-font-style:var(--h2_typography-font-style);--awb-caption-title-size:var(--h2_typography-font-size);--awb-caption-title-transform:var(--h2_typography-text-transform);--awb-caption-title-line-height:var(--h2_typography-line-height);--awb-caption-title-letter-spacing:var(--h2_typography-letter-spacing);\"><div class=\"imageframe-align-center\"><span class=\" fusion-imageframe imageframe-none imageframe-4 hover-type-none\"><img decoding=\"async\" width=\"100\" height=\"100\" title=\"Icoon-bemesten\" src=\"https:\/\/winter-princess.com\/wp-content\/uploads\/2018\/08\/Icoon-bemesten.png\" alt class=\"img-responsive wp-image-12655\" srcset=\"https:\/\/winter-princess.com\/wp-content\/uploads\/2018\/08\/Icoon-bemesten-66x66.png 66w, https:\/\/winter-princess.com\/wp-content\/uploads\/2018\/08\/Icoon-bemesten.png 100w\" sizes=\"(max-width: 100px) 100vw, 100px\" \/><\/span><\/div><\/div><div class=\"fusion-sep-clear\"><\/div><div class=\"fusion-separator fusion-full-width-sep\" style=\"margin-left: auto;margin-right: auto;margin-top:12px;margin-bottom:12px;width:100%;\"><\/div><div class=\"fusion-sep-clear\"><\/div><div class=\"fusion-text fusion-text-9\"><h2 style=\"text-align: center;\"><strong>Fertiliser<\/strong><\/h2>\n<\/div><div class=\"fusion-sep-clear\"><\/div><div class=\"fusion-separator fusion-full-width-sep\" style=\"margin-left: auto;margin-right: auto;margin-top:-5px;margin-bottom:-5px;width:100%;\"><\/div><div class=\"fusion-sep-clear\"><\/div><div class=\"fusion-text fusion-text-10\"><p style=\"text-align: center;\">Au d\u00e9but du printemps et en automne, vous pouvez fertiliser l&rsquo;hell\u00e9bore avec du fumier organique, comme le fumier de vache. Une couche de paillis organique fait \u00e9galement beaucoup de bien \u00e0 la plante.<\/p>\n<\/div><div class=\"fusion-clearfix\"><\/div><\/div><\/div><div class=\"fusion-layout-column fusion_builder_column fusion-builder-column-9 fusion_builder_column_1_3 1_3 fusion-one-third\" style=\"--awb-padding-top:30px;--awb-padding-right:30px;--awb-padding-bottom:30px;--awb-padding-left:30px;--awb-bg-color:rgba(255,255,255,.9);--awb-bg-color-hover:rgba(255,255,255,.9);--awb-bg-size:cover;width:30.6666%; margin-right: 4%;\"><div class=\"fusion-column-wrapper fusion-flex-column-wrapper-legacy\"><div class=\"fusion-image-element fusion-image-align-center in-legacy-container\" style=\"text-align:center;--awb-caption-title-font-family:var(--h2_typography-font-family);--awb-caption-title-font-weight:var(--h2_typography-font-weight);--awb-caption-title-font-style:var(--h2_typography-font-style);--awb-caption-title-size:var(--h2_typography-font-size);--awb-caption-title-transform:var(--h2_typography-text-transform);--awb-caption-title-line-height:var(--h2_typography-line-height);--awb-caption-title-letter-spacing:var(--h2_typography-letter-spacing);\"><div class=\"imageframe-align-center\"><span class=\" fusion-imageframe imageframe-none imageframe-5 hover-type-none\"><img decoding=\"async\" width=\"100\" height=\"100\" title=\"Icoon-consumptie\" src=\"https:\/\/winter-princess.com\/wp-content\/uploads\/2018\/08\/Icoon-consumptie.png\" alt class=\"img-responsive wp-image-12661\" srcset=\"https:\/\/winter-princess.com\/wp-content\/uploads\/2018\/08\/Icoon-consumptie-66x66.png 66w, https:\/\/winter-princess.com\/wp-content\/uploads\/2018\/08\/Icoon-consumptie.png 100w\" sizes=\"(max-width: 100px) 100vw, 100px\" \/><\/span><\/div><\/div><div class=\"fusion-sep-clear\"><\/div><div class=\"fusion-separator fusion-full-width-sep\" style=\"margin-left: auto;margin-right: auto;margin-top:12px;margin-bottom:12px;width:100%;\"><\/div><div class=\"fusion-sep-clear\"><\/div><div class=\"fusion-text fusion-text-11\"><h2 style=\"text-align: center;\"><strong>Consommation<\/strong><\/h2>\n<\/div><div class=\"fusion-sep-clear\"><\/div><div class=\"fusion-separator fusion-full-width-sep\" style=\"margin-left: auto;margin-right: auto;margin-top:-5px;margin-bottom:-5px;width:100%;\"><\/div><div class=\"fusion-sep-clear\"><\/div><div class=\"fusion-text fusion-text-12\"><p style=\"text-align: center;\">Nos hell\u00e9bores sont impropres \u00e0 la consommation. Les plantes sont toxiques.<\/p>\n<\/div><div class=\"fusion-clearfix\"><\/div><\/div><\/div><div class=\"fusion-layout-column fusion_builder_column fusion-builder-column-10 fusion_builder_column_1_3 1_3 fusion-one-third fusion-column-last\" style=\"--awb-padding-top:30px;--awb-padding-right:30px;--awb-padding-bottom:30px;--awb-padding-left:30px;--awb-bg-color:rgba(255,255,255,.9);--awb-bg-color-hover:rgba(255,255,255,.9);--awb-bg-size:cover;width:30.6666%;\"><div class=\"fusion-column-wrapper fusion-flex-column-wrapper-legacy\"><div class=\"fusion-image-element fusion-image-align-center in-legacy-container\" style=\"text-align:center;--awb-caption-title-font-family:var(--h2_typography-font-family);--awb-caption-title-font-weight:var(--h2_typography-font-weight);--awb-caption-title-font-style:var(--h2_typography-font-style);--awb-caption-title-size:var(--h2_typography-font-size);--awb-caption-title-transform:var(--h2_typography-text-transform);--awb-caption-title-line-height:var(--h2_typography-line-height);--awb-caption-title-letter-spacing:var(--h2_typography-letter-spacing);\"><div class=\"imageframe-align-center\"><span class=\" fusion-imageframe imageframe-none imageframe-6 hover-type-none\"><img decoding=\"async\" width=\"100\" height=\"100\" title=\"Icoon-schade\" src=\"https:\/\/winter-princess.com\/wp-content\/uploads\/2018\/08\/Icoon-schade.png\" alt class=\"img-responsive wp-image-12667\" srcset=\"https:\/\/winter-princess.com\/wp-content\/uploads\/2018\/08\/Icoon-schade-66x66.png 66w, https:\/\/winter-princess.com\/wp-content\/uploads\/2018\/08\/Icoon-schade.png 100w\" sizes=\"(max-width: 100px) 100vw, 100px\" \/><\/span><\/div><\/div><div class=\"fusion-sep-clear\"><\/div><div class=\"fusion-separator fusion-full-width-sep\" style=\"margin-left: auto;margin-right: auto;margin-top:12px;margin-bottom:12px;width:100%;\"><\/div><div class=\"fusion-sep-clear\"><\/div><div class=\"fusion-text fusion-text-13\"><h2 style=\"text-align: center;\"><strong>Dommages<\/strong><\/h2>\n<\/div><div class=\"fusion-sep-clear\"><\/div><div class=\"fusion-separator fusion-full-width-sep\" style=\"margin-left: auto;margin-right: auto;margin-top:-5px;margin-bottom:-5px;width:100%;\"><\/div><div class=\"fusion-sep-clear\"><\/div><div class=\"fusion-text fusion-text-14\"><p style=\"text-align: center;\">Les hell\u00e9bores peuvent souffrir de pucerons et limaces. Renseignez-vous aupr\u00e8s d&rsquo;une jardinerie, par exemple, pour lutter contre les parasites ind\u00e9sirables. Taches noires sur la feuille ? Cela peut indiquer une maladie des taches foliaires. \u00c9liminez toutes les feuilles malades et jetez-les dans la poubelle organique. Vos plantes souffrent de la maladie des taches foliaires ? Renseignez-vous aupr\u00e8s d&rsquo;une jardinerie, par exemple, sur la meilleure fa\u00e7on de prot\u00e9ger la plante.<\/p>\n<\/div><div class=\"fusion-clearfix\"><\/div><\/div><\/div><\/div><\/div><\/p>\n","protected":false},"excerpt":{"rendered":"","protected":false},"author":1,"featured_media":0,"parent":0,"menu_order":0,"comment_status":"closed","ping_status":"closed","template":"100-width.php","meta":{"footnotes":""},"class_list":["post-13133","page","type-page","status-publish","hentry"],"_links":{"self":[{"href":"https:\/\/winter-princess.com\/fr\/wp-json\/wp\/v2\/pages\/13133","targetHints":{"allow":["GET"]}}],"collection":[{"href":"https:\/\/winter-princess.com\/fr\/wp-json\/wp\/v2\/pages"}],"about":[{"href":"https:\/\/winter-princess.com\/fr\/wp-json\/wp\/v2\/types\/page"}],"author":[{"embeddable":true,"href":"https:\/\/winter-princess.com\/fr\/wp-json\/wp\/v2\/users\/1"}],"replies":[{"embeddable":true,"href":"https:\/\/winter-princess.com\/fr\/wp-json\/wp\/v2\/comments?post=13133"}],"version-history":[{"count":12,"href":"https:\/\/winter-princess.com\/fr\/wp-json\/wp\/v2\/pages\/13133\/revisions"}],"predecessor-version":[{"id":13401,"href":"https:\/\/winter-princess.com\/fr\/wp-json\/wp\/v2\/pages\/13133\/revisions\/13401"}],"wp:attachment":[{"href":"https:\/\/winter-princess.com\/fr\/wp-json\/wp\/v2\/media?parent=13133"}],"curies":[{"name":"wp","href":"https:\/\/api.w.org\/{rel}","templated":true}]}}