{"id":13215,"date":"2018-08-20T09:42:05","date_gmt":"2018-08-20T09:42:05","guid":{"rendered":"https:\/\/winter-princess.com\/pflegetipps\/"},"modified":"2023-11-24T09:01:01","modified_gmt":"2023-11-24T09:01:01","slug":"pflegetipps","status":"publish","type":"page","link":"https:\/\/winter-princess.com\/de\/pflegetipps\/","title":{"rendered":"Pflegetipps"},"content":{"rendered":"<p><div class=\"fusion-fullwidth fullwidth-box fusion-builder-row-1 nonhundred-percent-fullwidth non-hundred-percent-height-scrolling\" style=\"--awb-background-position:left top;--awb-border-sizes-top:0px;--awb-border-sizes-bottom:0px;--awb-border-sizes-left:0px;--awb-border-sizes-right:0px;--awb-border-radius-top-left:0px;--awb-border-radius-top-right:0px;--awb-border-radius-bottom-right:0px;--awb-border-radius-bottom-left:0px;--awb-padding-top:55px;--awb-padding-bottom:40px;--awb-background-color:#c59f6c;--awb-flex-wrap:wrap;\" ><div class=\"fusion-builder-row fusion-row\"><div class=\"fusion-layout-column fusion_builder_column fusion-builder-column-0 fusion_builder_column_1_1 1_1 fusion-one-full fusion-column-first fusion-column-last fusion-column-no-min-height\" style=\"--awb-bg-size:cover;--awb-margin-bottom:0px;\"><div class=\"fusion-column-wrapper fusion-flex-column-wrapper-legacy\"><div class=\"fusion-text fusion-text-1\"><h2 style=\"text-align: center; font-size: 30px; line-height: 40px;\"><span style=\"color: #ffffff;\">Pflegetipps<\/span><\/h2>\n<\/div><div class=\"fusion-clearfix\"><\/div><\/div><\/div><div class=\"fusion-layout-column fusion_builder_column fusion-builder-column-1 fusion_builder_column_1_1 1_1 fusion-one-full fusion-column-first fusion-column-last fusion-column-no-min-height\" style=\"--awb-bg-size:cover;--awb-margin-bottom:0px;\"><div class=\"fusion-column-wrapper fusion-flex-column-wrapper-legacy\"><div class=\"fusion-text fusion-text-2\"><p style=\"text-align: center; font-size: 18px; line-height: 29px;\"><span style=\"color: #ffffff;\">Helleborus ist auch als Christrose oder Sneezewort bekannt. Es gibt bis zu 20 verschiedene Arten von Helleborus, von denen es immergr\u00fcne und laubabwerfende Sorten gibt. Die Pflanzen sind giftig, das sollten Sie bedenken, wenn Sie eine Bl\u00fcte oder Bl\u00e4tter abschneiden. Je nach Art bl\u00fcht die Pflanze von Dezember bis April. Sie geh\u00f6rt also zu den winterbl\u00fchenden Pflanzen. Die Helleborus bleibt gerne dort, wo sie gepflanzt wurde.<br \/>\nDie meisten Helleborus-Arten sind auf dem Balkan zu finden. Zwei Arten sind auf den Mittelmeerinseln heimisch: Helleborus argutifolius auf Korsika und Sardinien und Helleborus lividus auf den Balearen. Zwei weitere Arten sind in Asien heimisch: Helleborus vesicarius in Kleinasien (s\u00fcdliche T\u00fcrkei und n\u00f6rdliches Syrien) und Helleborus thibetanus in China.<\/span><\/p>\n<\/div><div class=\"fusion-clearfix\"><\/div><\/div><\/div><\/div><\/div><div class=\"fusion-fullwidth fullwidth-box fusion-builder-row-2 hundred-percent-fullwidth non-hundred-percent-height-scrolling\" style=\"--awb-border-radius-top-left:0px;--awb-border-radius-top-right:0px;--awb-border-radius-bottom-right:0px;--awb-border-radius-bottom-left:0px;--awb-overflow:visible;--awb-flex-wrap:wrap;\" ><div class=\"fusion-builder-row fusion-row\"><div class=\"fusion-layout-column fusion_builder_column fusion-builder-column-2 fusion_builder_column_1_1 1_1 fusion-one-full fusion-column-first fusion-column-last fusion-column-no-min-height\" style=\"--awb-bg-size:cover;--awb-margin-bottom:0px;\"><div class=\"fusion-column-wrapper fusion-flex-column-wrapper-legacy\"><div class=\"fusion-section-separator section-separator triangle fusion-section-separator-1\" style=\"--awb-border-bottom:1px solid #c59f6c;--awb-spacer-height:1px;--awb-svg-margin-left:0;--awb-svg-margin-right:0;--awb-icon-color:;\"><div class=\"fusion-section-separator-svg\"><div class=\"divider-candy-arrow bottom\" style=\"top:0px;border-top-color: #c59f6c;\"><\/div><div class=\"divider-candy bottom\" style=\"bottom:-21px;border-bottom:1px solid #c59f6c;border-left:1px solid #c59f6c;\"><\/div><\/div><div class=\"fusion-section-separator-spacer\"><div class=\"fusion-section-separator-spacer-height\"><\/div><\/div><\/div><div class=\"fusion-clearfix\"><\/div><\/div><\/div><\/div><\/div><div class=\"fusion-fullwidth fullwidth-box fusion-builder-row-3 hundred-percent-fullwidth non-hundred-percent-height-scrolling\" style=\"--awb-border-radius-top-left:0px;--awb-border-radius-top-right:0px;--awb-border-radius-bottom-right:0px;--awb-border-radius-bottom-left:0px;--awb-overflow:visible;--awb-flex-wrap:wrap;\" ><div class=\"fusion-builder-row fusion-row\"><div class=\"fusion-layout-column fusion_builder_column fusion-builder-column-3 fusion_builder_column_1_1 1_1 fusion-one-full fusion-column-first fusion-column-last fusion-column-no-min-height\" style=\"--awb-bg-size:cover;--awb-margin-bottom:0px;\"><div class=\"fusion-column-wrapper fusion-flex-column-wrapper-legacy\"><div class=\"fusion-section-separator section-separator triangle fusion-section-separator-2\" style=\"--awb-border-bottom:1px solid #c59f6c;--awb-spacer-height:1px;--awb-svg-margin-left:0;--awb-svg-margin-right:0;--awb-icon-color:;\"><div class=\"fusion-section-separator-svg\"><div class=\"divider-candy-arrow bottom\" style=\"top:0px;border-top-color: #c59f6c;\"><\/div><div class=\"divider-candy bottom\" style=\"bottom:-21px;border-bottom:1px solid #c59f6c;border-left:1px solid #c59f6c;\"><\/div><\/div><div class=\"fusion-section-separator-spacer\"><div class=\"fusion-section-separator-spacer-height\"><\/div><\/div><\/div><div class=\"fusion-clearfix\"><\/div><\/div><\/div><\/div><\/div><div class=\"fusion-fullwidth fullwidth-box fusion-builder-row-4 nonhundred-percent-fullwidth non-hundred-percent-height-scrolling fusion-equal-height-columns fwcHome\" style=\"--awb-background-position:left top;--awb-background-repeat:repeat;--awb-border-sizes-top:0px;--awb-border-sizes-bottom:0px;--awb-border-sizes-left:0px;--awb-border-sizes-right:0px;--awb-border-radius-top-left:0px;--awb-border-radius-top-right:0px;--awb-border-radius-bottom-right:0px;--awb-border-radius-bottom-left:0px;--awb-padding-top:95px;--awb-padding-bottom:100px;--awb-background-color:#231f20;--awb-flex-wrap:wrap;\" ><div class=\"fusion-builder-row fusion-row\"><div class=\"fusion-layout-column fusion_builder_column fusion-builder-column-4 fusion_builder_column_1_3 1_3 fusion-one-third fusion-column-first\" style=\"--awb-padding-top:30px;--awb-padding-right:30px;--awb-padding-bottom:30px;--awb-padding-left:30px;--awb-bg-color:rgba(255,255,255,.9);--awb-bg-color-hover:rgba(255,255,255,.9);--awb-bg-size:cover;width:30.6666%; margin-right: 4%;\"><div class=\"fusion-column-wrapper fusion-flex-column-wrapper-legacy\"><div class=\"fusion-image-element fusion-image-align-center in-legacy-container\" style=\"text-align:center;--awb-caption-title-font-family:var(--h2_typography-font-family);--awb-caption-title-font-weight:var(--h2_typography-font-weight);--awb-caption-title-font-style:var(--h2_typography-font-style);--awb-caption-title-size:var(--h2_typography-font-size);--awb-caption-title-transform:var(--h2_typography-text-transform);--awb-caption-title-line-height:var(--h2_typography-line-height);--awb-caption-title-letter-spacing:var(--h2_typography-letter-spacing);\"><div class=\"imageframe-align-center\"><span class=\" fusion-imageframe imageframe-none imageframe-1 hover-type-none\"><img decoding=\"async\" width=\"100\" height=\"100\" title=\"Icoon-winterhard\" src=\"https:\/\/winter-princess.com\/wp-content\/uploads\/2018\/08\/Icoon-winterhard.png\" alt class=\"img-responsive wp-image-12639\" srcset=\"https:\/\/winter-princess.com\/wp-content\/uploads\/2018\/08\/Icoon-winterhard-66x66.png 66w, https:\/\/winter-princess.com\/wp-content\/uploads\/2018\/08\/Icoon-winterhard.png 100w\" sizes=\"(max-width: 100px) 100vw, 100px\" \/><\/span><\/div><\/div><div class=\"fusion-sep-clear\"><\/div><div class=\"fusion-separator fusion-full-width-sep\" style=\"margin-left: auto;margin-right: auto;margin-top:12px;margin-bottom:12px;width:100%;\"><\/div><div class=\"fusion-sep-clear\"><\/div><div class=\"fusion-text fusion-text-3\"><h2 style=\"text-align: center;\"><strong>Winterhart<\/strong><\/h2>\n<\/div><div class=\"fusion-sep-clear\"><\/div><div class=\"fusion-separator fusion-full-width-sep\" style=\"margin-left: auto;margin-right: auto;margin-top:-5px;margin-bottom:-5px;width:100%;\"><\/div><div class=\"fusion-sep-clear\"><\/div><div class=\"fusion-text fusion-text-4\"><p style=\"text-align: center; font-size: 15px; line-height: 26px;\">Sofern die Helleborus im Freien steht, ist sie bis etwa -20 \u00b0C winterhart. Voraussetzung ist, dass die Pflanze nicht in der Zugluft steht; sie mag einen gesch\u00fctzten Standort. Wenn die Pflanze zu viel Wind abbekommt oder in einer Zugluft steht, k\u00f6nnen die Bl\u00fcten in Mitleidenschaft gezogen werden. Wenn die Helleborus in einem Topf steht, ist es besser, sie bei strengem Frost ins Haus zu stellen, aber nicht w\u00e4rmer als 10 \u00b0C.<\/p>\n<\/div><div class=\"fusion-clearfix\"><\/div><\/div><\/div><div class=\"fusion-layout-column fusion_builder_column fusion-builder-column-5 fusion_builder_column_1_3 1_3 fusion-one-third\" style=\"--awb-padding-top:30px;--awb-padding-right:30px;--awb-padding-bottom:30px;--awb-padding-left:30px;--awb-bg-color:rgba(255,255,255,.9);--awb-bg-color-hover:rgba(255,255,255,.9);--awb-bg-size:cover;width:30.6666%; margin-right: 4%;\"><div class=\"fusion-column-wrapper fusion-flex-column-wrapper-legacy\"><div class=\"fusion-image-element fusion-image-align-center in-legacy-container\" style=\"text-align:center;--awb-caption-title-font-family:var(--h2_typography-font-family);--awb-caption-title-font-weight:var(--h2_typography-font-weight);--awb-caption-title-font-style:var(--h2_typography-font-style);--awb-caption-title-size:var(--h2_typography-font-size);--awb-caption-title-transform:var(--h2_typography-text-transform);--awb-caption-title-line-height:var(--h2_typography-line-height);--awb-caption-title-letter-spacing:var(--h2_typography-letter-spacing);\"><div class=\"imageframe-align-center\"><span class=\" fusion-imageframe imageframe-none imageframe-2 hover-type-none\"><img decoding=\"async\" width=\"100\" height=\"100\" title=\"Icoon-standplaats\" src=\"https:\/\/winter-princess.com\/wp-content\/uploads\/2018\/08\/Icoon-standplaats.png\" alt class=\"img-responsive wp-image-12645\" srcset=\"https:\/\/winter-princess.com\/wp-content\/uploads\/2018\/08\/Icoon-standplaats-66x66.png 66w, https:\/\/winter-princess.com\/wp-content\/uploads\/2018\/08\/Icoon-standplaats.png 100w\" sizes=\"(max-width: 100px) 100vw, 100px\" \/><\/span><\/div><\/div><div class=\"fusion-sep-clear\"><\/div><div class=\"fusion-separator fusion-full-width-sep\" style=\"margin-left: auto;margin-right: auto;margin-top:12px;margin-bottom:12px;width:100%;\"><\/div><div class=\"fusion-sep-clear\"><\/div><div class=\"fusion-text fusion-text-5\"><h2 style=\"text-align: center;\"><strong>Standort<\/strong><\/h2>\n<\/div><div class=\"fusion-sep-clear\"><\/div><div class=\"fusion-separator fusion-full-width-sep\" style=\"margin-left: auto;margin-right: auto;margin-top:-5px;margin-bottom:-5px;width:100%;\"><\/div><div class=\"fusion-sep-clear\"><\/div><div class=\"fusion-text fusion-text-6\"><p style=\"text-align: center; font-size: 15px; line-height: 26px;\">Sie steht gerne im Halbschatten, kann aber auch mehr Sonne vertragen, solange der Boden nicht austrocknet. Der Boden sollte vorzugsweise feucht, aber nicht zu nass sein, d.h. gut durchl\u00e4ssig. Au\u00dferdem bevorzugt sie einen kalkhaltigen, fruchtbaren Boden mit viel Humus. Die Pflanze bevorzugt einen windgesch\u00fctzten Platz.<\/p>\n<\/div><div class=\"fusion-clearfix\"><\/div><\/div><\/div><div class=\"fusion-layout-column fusion_builder_column fusion-builder-column-6 fusion_builder_column_1_3 1_3 fusion-one-third fusion-column-last\" style=\"--awb-padding-top:30px;--awb-padding-right:30px;--awb-padding-bottom:30px;--awb-padding-left:30px;--awb-bg-color:rgba(255,255,255,.9);--awb-bg-color-hover:rgba(255,255,255,.9);--awb-bg-size:cover;width:30.6666%;\"><div class=\"fusion-column-wrapper fusion-flex-column-wrapper-legacy\"><div class=\"fusion-image-element fusion-image-align-center in-legacy-container\" style=\"text-align:center;--awb-caption-title-font-family:var(--h2_typography-font-family);--awb-caption-title-font-weight:var(--h2_typography-font-weight);--awb-caption-title-font-style:var(--h2_typography-font-style);--awb-caption-title-size:var(--h2_typography-font-size);--awb-caption-title-transform:var(--h2_typography-text-transform);--awb-caption-title-line-height:var(--h2_typography-line-height);--awb-caption-title-letter-spacing:var(--h2_typography-letter-spacing);\"><div class=\"imageframe-align-center\"><span class=\" fusion-imageframe imageframe-none imageframe-3 hover-type-none\"><img decoding=\"async\" width=\"100\" height=\"100\" title=\"Icoon-blad_en_bloemen\" src=\"https:\/\/winter-princess.com\/wp-content\/uploads\/2018\/08\/Icoon-blad_en_bloemen.png\" alt class=\"img-responsive wp-image-12651\" srcset=\"https:\/\/winter-princess.com\/wp-content\/uploads\/2018\/08\/Icoon-blad_en_bloemen-66x66.png 66w, https:\/\/winter-princess.com\/wp-content\/uploads\/2018\/08\/Icoon-blad_en_bloemen.png 100w\" sizes=\"(max-width: 100px) 100vw, 100px\" \/><\/span><\/div><\/div><div class=\"fusion-sep-clear\"><\/div><div class=\"fusion-separator fusion-full-width-sep\" style=\"margin-left: auto;margin-right: auto;margin-top:12px;margin-bottom:12px;width:100%;\"><\/div><div class=\"fusion-sep-clear\"><\/div><div class=\"fusion-text fusion-text-7\"><h2 style=\"text-align: center;\"><strong>Blatt und Blumen<\/strong><\/h2>\n<\/div><div class=\"fusion-sep-clear\"><\/div><div class=\"fusion-separator fusion-full-width-sep\" style=\"margin-left: auto;margin-right: auto;margin-top:-5px;margin-bottom:-5px;width:100%;\"><\/div><div class=\"fusion-sep-clear\"><\/div><div class=\"fusion-text fusion-text-8\"><p style=\"text-align: center; font-size: 15px; line-height: 26px;\">Im Winter, wenn die Bl\u00fcten sichtbar werden, k\u00f6nnen Sie einige der Bl\u00e4tter abschneiden, um die Bl\u00fcten besser zur Geltung zu bringen. Anfang Juni ist es ratsam, unansehnliche Bl\u00e4tter von der Pflanze abzuschneiden. Die neuen Bl\u00e4tter sind oft schon im Herzen der Pflanze zu sehen.<\/p>\n<p style=\"text-align: center; font-size: 15px; line-height: 26px;\">Ende Mai k\u00f6nnen Sie die Bl\u00fcten entfernen und so die Bl\u00fcte f\u00fcr das kommende Jahr f\u00f6rdern. Wenn Sie die Bl\u00fcten an der Pflanze lassen, werden Samen gebildet. Aus dem Samen k\u00f6nnen neue S\u00e4mlinge wachsen. Diese sind nicht sortenrein, und die Bl\u00fcten k\u00f6nnen eine andere Farbe haben als die der ersten Pflanze. \u00dcbrigens dauert es ein paar Jahre, bis ein S\u00e4mling Bl\u00fcten tr\u00e4gt.<\/p>\n<\/div><div class=\"fusion-clearfix\"><\/div><\/div><\/div><div class=\"fusion-layout-column fusion_builder_column fusion-builder-column-7 fusion_builder_column_1_1 1_1 fusion-one-full fusion-column-first fusion-column-last fusion-column-no-min-height\" style=\"--awb-bg-size:cover;--awb-margin-bottom:0px;\"><div class=\"fusion-column-wrapper fusion-flex-column-wrapper-legacy\"><div class=\"fusion-sep-clear\"><\/div><div class=\"fusion-separator fusion-full-width-sep\" style=\"margin-left: auto;margin-right: auto;margin-top:10px;margin-bottom:10px;width:100%;\"><\/div><div class=\"fusion-sep-clear\"><\/div><div class=\"fusion-clearfix\"><\/div><\/div><\/div><div class=\"fusion-layout-column fusion_builder_column fusion-builder-column-8 fusion_builder_column_1_3 1_3 fusion-one-third fusion-column-first\" style=\"--awb-padding-top:30px;--awb-padding-right:30px;--awb-padding-bottom:30px;--awb-padding-left:30px;--awb-bg-color:rgba(255,255,255,.9);--awb-bg-color-hover:rgba(255,255,255,.9);--awb-bg-size:cover;width:30.6666%; margin-right: 4%;\"><div class=\"fusion-column-wrapper fusion-flex-column-wrapper-legacy\"><div class=\"fusion-image-element fusion-image-align-center in-legacy-container\" style=\"text-align:center;--awb-caption-title-font-family:var(--h2_typography-font-family);--awb-caption-title-font-weight:var(--h2_typography-font-weight);--awb-caption-title-font-style:var(--h2_typography-font-style);--awb-caption-title-size:var(--h2_typography-font-size);--awb-caption-title-transform:var(--h2_typography-text-transform);--awb-caption-title-line-height:var(--h2_typography-line-height);--awb-caption-title-letter-spacing:var(--h2_typography-letter-spacing);\"><div class=\"imageframe-align-center\"><span class=\" fusion-imageframe imageframe-none imageframe-4 hover-type-none\"><img decoding=\"async\" width=\"100\" height=\"100\" title=\"Icoon-bemesten\" src=\"https:\/\/winter-princess.com\/wp-content\/uploads\/2018\/08\/Icoon-bemesten.png\" alt class=\"img-responsive wp-image-12657\" srcset=\"https:\/\/winter-princess.com\/wp-content\/uploads\/2018\/08\/Icoon-bemesten-66x66.png 66w, https:\/\/winter-princess.com\/wp-content\/uploads\/2018\/08\/Icoon-bemesten.png 100w\" sizes=\"(max-width: 100px) 100vw, 100px\" \/><\/span><\/div><\/div><div class=\"fusion-sep-clear\"><\/div><div class=\"fusion-separator fusion-full-width-sep\" style=\"margin-left: auto;margin-right: auto;margin-top:12px;margin-bottom:12px;width:100%;\"><\/div><div class=\"fusion-sep-clear\"><\/div><div class=\"fusion-text fusion-text-9\"><h2 style=\"text-align: center;\"><strong>D\u00fcngen<\/strong><\/h2>\n<\/div><div class=\"fusion-sep-clear\"><\/div><div class=\"fusion-separator fusion-full-width-sep\" style=\"margin-left: auto;margin-right: auto;margin-top:-5px;margin-bottom:-5px;width:100%;\"><\/div><div class=\"fusion-sep-clear\"><\/div><div class=\"fusion-text fusion-text-10\"><p style=\"text-align: center; font-size: 15px; line-height: 26px;\">Im zeitigen Fr\u00fchjahr und im Herbst k\u00f6nnen Sie die Helleborus mit organischem D\u00fcnger, z.B. Kuhmist, d\u00fcngen. Auch eine organische Mulchschicht tut der Pflanze sehr gut.<\/p>\n<\/div><div class=\"fusion-clearfix\"><\/div><\/div><\/div><div class=\"fusion-layout-column fusion_builder_column fusion-builder-column-9 fusion_builder_column_1_3 1_3 fusion-one-third\" style=\"--awb-padding-top:30px;--awb-padding-right:30px;--awb-padding-bottom:30px;--awb-padding-left:30px;--awb-bg-color:rgba(255,255,255,.9);--awb-bg-color-hover:rgba(255,255,255,.9);--awb-bg-size:cover;width:30.6666%; margin-right: 4%;\"><div class=\"fusion-column-wrapper fusion-flex-column-wrapper-legacy\"><div class=\"fusion-image-element fusion-image-align-center in-legacy-container\" style=\"text-align:center;--awb-caption-title-font-family:var(--h2_typography-font-family);--awb-caption-title-font-weight:var(--h2_typography-font-weight);--awb-caption-title-font-style:var(--h2_typography-font-style);--awb-caption-title-size:var(--h2_typography-font-size);--awb-caption-title-transform:var(--h2_typography-text-transform);--awb-caption-title-line-height:var(--h2_typography-line-height);--awb-caption-title-letter-spacing:var(--h2_typography-letter-spacing);\"><div class=\"imageframe-align-center\"><span class=\" fusion-imageframe imageframe-none imageframe-5 hover-type-none\"><img decoding=\"async\" width=\"100\" height=\"100\" title=\"Icoon-consumptie\" src=\"https:\/\/winter-princess.com\/wp-content\/uploads\/2018\/08\/Icoon-consumptie.png\" alt class=\"img-responsive wp-image-12663\" srcset=\"https:\/\/winter-princess.com\/wp-content\/uploads\/2018\/08\/Icoon-consumptie-66x66.png 66w, https:\/\/winter-princess.com\/wp-content\/uploads\/2018\/08\/Icoon-consumptie.png 100w\" sizes=\"(max-width: 100px) 100vw, 100px\" \/><\/span><\/div><\/div><div class=\"fusion-sep-clear\"><\/div><div class=\"fusion-separator fusion-full-width-sep\" style=\"margin-left: auto;margin-right: auto;margin-top:12px;margin-bottom:12px;width:100%;\"><\/div><div class=\"fusion-sep-clear\"><\/div><div class=\"fusion-text fusion-text-11\"><h2 style=\"text-align: center;\"><strong>Verbrauch<\/strong><\/h2>\n<\/div><div class=\"fusion-sep-clear\"><\/div><div class=\"fusion-separator fusion-full-width-sep\" style=\"margin-left: auto;margin-right: auto;margin-top:-5px;margin-bottom:-5px;width:100%;\"><\/div><div class=\"fusion-sep-clear\"><\/div><div class=\"fusion-text fusion-text-12\"><p style=\"text-align: center; font-size: 15px; line-height: 26px;\">Unsere Hellebores sind nicht zum Verzehr geeignet. Die Pflanzen sind giftig.<\/p>\n<\/div><div class=\"fusion-clearfix\"><\/div><\/div><\/div><div class=\"fusion-layout-column fusion_builder_column fusion-builder-column-10 fusion_builder_column_1_3 1_3 fusion-one-third fusion-column-last\" style=\"--awb-padding-top:30px;--awb-padding-right:30px;--awb-padding-bottom:30px;--awb-padding-left:30px;--awb-bg-color:rgba(255,255,255,.9);--awb-bg-color-hover:rgba(255,255,255,.9);--awb-bg-size:cover;width:30.6666%;\"><div class=\"fusion-column-wrapper fusion-flex-column-wrapper-legacy\"><div class=\"fusion-image-element fusion-image-align-center in-legacy-container\" style=\"text-align:center;--awb-caption-title-font-family:var(--h2_typography-font-family);--awb-caption-title-font-weight:var(--h2_typography-font-weight);--awb-caption-title-font-style:var(--h2_typography-font-style);--awb-caption-title-size:var(--h2_typography-font-size);--awb-caption-title-transform:var(--h2_typography-text-transform);--awb-caption-title-line-height:var(--h2_typography-line-height);--awb-caption-title-letter-spacing:var(--h2_typography-letter-spacing);\"><div class=\"imageframe-align-center\"><span class=\" fusion-imageframe imageframe-none imageframe-6 hover-type-none\"><img decoding=\"async\" width=\"100\" height=\"100\" title=\"Icoon-schade\" src=\"https:\/\/winter-princess.com\/wp-content\/uploads\/2018\/08\/Icoon-schade.png\" alt class=\"img-responsive wp-image-12669\" srcset=\"https:\/\/winter-princess.com\/wp-content\/uploads\/2018\/08\/Icoon-schade-66x66.png 66w, https:\/\/winter-princess.com\/wp-content\/uploads\/2018\/08\/Icoon-schade.png 100w\" sizes=\"(max-width: 100px) 100vw, 100px\" \/><\/span><\/div><\/div><div class=\"fusion-sep-clear\"><\/div><div class=\"fusion-separator fusion-full-width-sep\" style=\"margin-left: auto;margin-right: auto;margin-top:12px;margin-bottom:12px;width:100%;\"><\/div><div class=\"fusion-sep-clear\"><\/div><div class=\"fusion-text fusion-text-13\"><h2 style=\"text-align: center;\"><strong>Sch\u00e4dlinge<\/strong><\/h2>\n<\/div><div class=\"fusion-sep-clear\"><\/div><div class=\"fusion-separator fusion-full-width-sep\" style=\"margin-left: auto;margin-right: auto;margin-top:-5px;margin-bottom:-5px;width:100%;\"><\/div><div class=\"fusion-sep-clear\"><\/div><div class=\"fusion-text fusion-text-14\"><p style=\"text-align: center; font-size: 15px; line-height: 26px;\">Helleborus kann von Blattl\u00e4usen und Schnecken befallen werden. Informieren Sie sich beispielsweise in einem Gartencenter \u00fcber die Bek\u00e4mpfung unerw\u00fcnschter Sch\u00e4dlinge. Schwarze Flecken auf dem Blatt? Das kann auf eine Blattfleckenkrankheit hinweisen. Entfernen Sie alle kranken Bl\u00e4tter und werfen Sie diese in die Biotonne. Werden Ihre Pflanzen h\u00e4ufig von der Blattfleckenkrankheit heimgesucht? Lassen Sie sich z.B. von einem Gartencenter beraten, wie Sie die Pflanze am besten sch\u00fctzen k\u00f6nnen.<\/p>\n<\/div><div class=\"fusion-clearfix\"><\/div><\/div><\/div><\/div><\/div><\/p>\n","protected":false},"excerpt":{"rendered":"","protected":false},"author":1,"featured_media":0,"parent":0,"menu_order":0,"comment_status":"closed","ping_status":"closed","template":"100-width.php","meta":{"footnotes":""},"class_list":["post-13215","page","type-page","status-publish","hentry"],"_links":{"self":[{"href":"https:\/\/winter-princess.com\/de\/wp-json\/wp\/v2\/pages\/13215","targetHints":{"allow":["GET"]}}],"collection":[{"href":"https:\/\/winter-princess.com\/de\/wp-json\/wp\/v2\/pages"}],"about":[{"href":"https:\/\/winter-princess.com\/de\/wp-json\/wp\/v2\/types\/page"}],"author":[{"embeddable":true,"href":"https:\/\/winter-princess.com\/de\/wp-json\/wp\/v2\/users\/1"}],"replies":[{"embeddable":true,"href":"https:\/\/winter-princess.com\/de\/wp-json\/wp\/v2\/comments?post=13215"}],"version-history":[{"count":7,"href":"https:\/\/winter-princess.com\/de\/wp-json\/wp\/v2\/pages\/13215\/revisions"}],"predecessor-version":[{"id":13229,"href":"https:\/\/winter-princess.com\/de\/wp-json\/wp\/v2\/pages\/13215\/revisions\/13229"}],"wp:attachment":[{"href":"https:\/\/winter-princess.com\/de\/wp-json\/wp\/v2\/media?parent=13215"}],"curies":[{"name":"wp","href":"https:\/\/api.w.org\/{rel}","templated":true}]}}