{"id":13167,"date":"2018-08-20T13:03:35","date_gmt":"2018-08-20T13:03:35","guid":{"rendered":"https:\/\/winter-princess.com\/sortiment\/"},"modified":"2023-11-21T15:07:43","modified_gmt":"2023-11-21T15:07:43","slug":"sortiment","status":"publish","type":"page","link":"https:\/\/winter-princess.com\/de\/sortiment\/","title":{"rendered":"Sortiment"},"content":{"rendered":"<p><div class=\"fusion-fullwidth fullwidth-box fusion-builder-row-1 nonhundred-percent-fullwidth non-hundred-percent-height-scrolling\" style=\"--awb-background-position:left top;--awb-border-sizes-top:0px;--awb-border-sizes-bottom:0px;--awb-border-sizes-left:0px;--awb-border-sizes-right:0px;--awb-border-radius-top-left:0px;--awb-border-radius-top-right:0px;--awb-border-radius-bottom-right:0px;--awb-border-radius-bottom-left:0px;--awb-padding-top:55px;--awb-padding-bottom:40px;--awb-background-color:#c59f6c;--awb-flex-wrap:wrap;\" ><div class=\"fusion-builder-row fusion-row\"><div class=\"fusion-layout-column fusion_builder_column fusion-builder-column-0 fusion_builder_column_1_1 1_1 fusion-one-full fusion-column-first fusion-column-last fusion-column-no-min-height\" style=\"--awb-bg-size:cover;--awb-margin-bottom:0px;\"><div class=\"fusion-column-wrapper fusion-flex-column-wrapper-legacy\"><div class=\"fusion-text fusion-text-1\"><h2 style=\"text-align: center; font-size: 30px; line-height: 40px;\"><span style=\"color: #ffffff;\">Sortiment<\/span><\/h2>\n<\/div><div class=\"fusion-clearfix\"><\/div><\/div><\/div><div class=\"fusion-layout-column fusion_builder_column fusion-builder-column-1 fusion_builder_column_1_1 1_1 fusion-one-full fusion-column-first fusion-column-last fusion-column-no-min-height\" style=\"--awb-bg-size:cover;--awb-margin-bottom:0px;\"><div class=\"fusion-column-wrapper fusion-flex-column-wrapper-legacy\"><div class=\"fusion-text fusion-text-2\"><p style=\"text-align: center; font-size: 18px; line-height: 29px;\"><span style=\"color: #ffffff;\">Es gibt keine Gartenpflanze, die in den Wintermonaten so lange und so sch\u00f6n bl\u00fcht wie die Winter Princess. Diese Sch\u00f6nheit mit ihren immergr\u00fcnen Bl\u00e4ttern und strahlenden Bl\u00fcten ist eine echte Bereicherung f\u00fcr den Garten. Helleborus ist eine der lohnendsten Stauden im Garten. Nicht nur, weil sie fr\u00fch im Winter bl\u00fchen, sondern auch, weil es eine gro\u00dfe Vielfalt an Bl\u00fctenfarben und -formen gibt. Mit der richtigen Pflege k\u00f6nnen die Pflanzen Temperaturen von bis zu -20 \u00b0C standhalten.<br \/>\nAu\u00dferdem k\u00f6nnen die meisten Hellebores zwei Monate lang das Wohnzimmer mit ihren sch\u00f6nen Bl\u00fcten versch\u00f6nern. Danach k\u00f6nnen sie in den Garten gepflanzt werden. Die Winter Princess-Kollektion umfasst das folgende Sortiment:<\/span><\/p>\n<\/div><div class=\"fusion-clearfix\"><\/div><\/div><\/div><\/div><\/div><div class=\"fusion-fullwidth fullwidth-box fusion-builder-row-2 hundred-percent-fullwidth non-hundred-percent-height-scrolling\" style=\"--awb-border-radius-top-left:0px;--awb-border-radius-top-right:0px;--awb-border-radius-bottom-right:0px;--awb-border-radius-bottom-left:0px;--awb-overflow:visible;--awb-flex-wrap:wrap;\" ><div class=\"fusion-builder-row fusion-row\"><div class=\"fusion-layout-column fusion_builder_column fusion-builder-column-2 fusion_builder_column_1_1 1_1 fusion-one-full fusion-column-first fusion-column-last fusion-column-no-min-height\" style=\"--awb-bg-size:cover;--awb-margin-bottom:0px;\"><div class=\"fusion-column-wrapper fusion-flex-column-wrapper-legacy\"><div class=\"fusion-section-separator section-separator triangle fusion-section-separator-1\" style=\"--awb-border-bottom:1px solid #c59f6c;--awb-spacer-height:1px;--awb-svg-margin-left:0;--awb-svg-margin-right:0;--awb-icon-color:;\"><div class=\"fusion-section-separator-svg\"><div class=\"divider-candy-arrow bottom\" style=\"top:0px;border-top-color: #c59f6c;\"><\/div><div class=\"divider-candy bottom\" style=\"bottom:-21px;border-bottom:1px solid #c59f6c;border-left:1px solid #c59f6c;\"><\/div><\/div><div class=\"fusion-section-separator-spacer\"><div class=\"fusion-section-separator-spacer-height\"><\/div><\/div><\/div><div class=\"fusion-clearfix\"><\/div><\/div><\/div><\/div><\/div><div class=\"fusion-fullwidth fullwidth-box fusion-builder-row-3 hundred-percent-fullwidth non-hundred-percent-height-scrolling\" style=\"--awb-border-radius-top-left:0px;--awb-border-radius-top-right:0px;--awb-border-radius-bottom-right:0px;--awb-border-radius-bottom-left:0px;--awb-overflow:visible;--awb-flex-wrap:wrap;\" ><div class=\"fusion-builder-row fusion-row\"><div class=\"fusion-layout-column fusion_builder_column fusion-builder-column-3 fusion_builder_column_1_1 1_1 fusion-one-full fusion-column-first fusion-column-last fusion-column-no-min-height\" style=\"--awb-bg-size:cover;--awb-margin-bottom:0px;\"><div class=\"fusion-column-wrapper fusion-flex-column-wrapper-legacy\"><div class=\"fusion-section-separator section-separator triangle fusion-section-separator-2\" style=\"--awb-border-bottom:1px solid #c59f6c;--awb-spacer-height:1px;--awb-svg-margin-left:0;--awb-svg-margin-right:0;--awb-icon-color:;\"><div class=\"fusion-section-separator-svg\"><div class=\"divider-candy-arrow bottom\" style=\"top:0px;border-top-color: #c59f6c;\"><\/div><div class=\"divider-candy bottom\" style=\"bottom:-21px;border-bottom:1px solid #c59f6c;border-left:1px solid #c59f6c;\"><\/div><\/div><div class=\"fusion-section-separator-spacer\"><div class=\"fusion-section-separator-spacer-height\"><\/div><\/div><\/div><div class=\"fusion-clearfix\"><\/div><\/div><\/div><\/div><\/div><div class=\"fusion-fullwidth fullwidth-box fusion-builder-row-4 nonhundred-percent-fullwidth non-hundred-percent-height-scrolling fusion-equal-height-columns fwcHome\" style=\"--awb-background-position:left top;--awb-background-repeat:repeat;--awb-border-sizes-top:0px;--awb-border-sizes-bottom:0px;--awb-border-sizes-left:0px;--awb-border-sizes-right:0px;--awb-border-radius-top-left:0px;--awb-border-radius-top-right:0px;--awb-border-radius-bottom-right:0px;--awb-border-radius-bottom-left:0px;--awb-padding-top:95px;--awb-padding-bottom:100px;--awb-background-color:#ffffff;--awb-flex-wrap:wrap;\" ><div class=\"fusion-builder-row fusion-row\"><div class=\"fusion-layout-column fusion_builder_column fusion-builder-column-4 fusion_builder_column_1_1 1_1 fusion-one-full fusion-column-first fusion-column-last\" style=\"--awb-bg-size:cover;\"><div class=\"fusion-column-wrapper fusion-flex-column-wrapper-legacy\"><style type=\"text\/css\">.fusion-portfolio-wrapper#fusion-portfolio-1 .fusion-portfolio-content{ padding: 25px 25px 25px 25px; text-align: left; }<\/style><div class=\"fusion-recent-works fusion-portfolio-element fusion-portfolio fusion-portfolio-1 fusion-portfolio-grid fusion-portfolio-paging-infinite fusion-portfolio-three fusion-portfolio-boxed fusion-portfolio-text fusion-portfolio-equal-heights\" data-id=\"-rw-1\" data-columns=\"three\"><style type=\"text\/css\">.fusion-portfolio-1 .fusion-portfolio-wrapper .fusion-col-spacing{padding:6px;}<\/style><div class=\"fusion-portfolio-wrapper\" id=\"fusion-portfolio-1\" data-picturesize=\"auto\" data-pages=\"2\" style=\"margin:-6px;\"><article id=\"portfolio-1-post-13325\" class=\"fusion-portfolio-post fusion-col-spacing post-13325\"><div class=\"fusion-portfolio-content-wrapper\" style=\"border:1px solid #c59f6c;border-bottom-width:3px;background-color:rgba(61,61,59,1);\"><span class=\"vcard rich-snippet-hidden\"><span class=\"fn\"><a href=\"https:\/\/winter-princess.com\/de\/author\/studioblauw\/\" title=\"Beitr\u00e4ge von StudioBlauw\" rel=\"author\">StudioBlauw<\/a><\/span><\/span><span class=\"updated rich-snippet-hidden\">2023-11-24T15:12:42+00:00<\/span><div  class=\"fusion-image-wrapper\" aria-haspopup=\"true\">\n\t\t\t\t\t\t\t<a href=\"https:\/\/winter-princess.com\/de\/portfolio-items\/beauty-princess-17cm\/\" aria-label=\"Beauty Princess 17cm\">\n\t\t\t\t\t\t\t<img decoding=\"async\" width=\"2000\" height=\"2000\" src=\"https:\/\/winter-princess.com\/wp-content\/uploads\/2023\/06\/Beauty-Princess-17-CM-ST-1-a-2-White.jpg\" class=\"attachment-full size-full wp-post-image\" alt=\"\" srcset=\"https:\/\/winter-princess.com\/wp-content\/uploads\/2023\/06\/Beauty-Princess-17-CM-ST-1-a-2-White-200x200.jpg 200w, https:\/\/winter-princess.com\/wp-content\/uploads\/2023\/06\/Beauty-Princess-17-CM-ST-1-a-2-White-400x400.jpg 400w, https:\/\/winter-princess.com\/wp-content\/uploads\/2023\/06\/Beauty-Princess-17-CM-ST-1-a-2-White-600x600.jpg 600w, https:\/\/winter-princess.com\/wp-content\/uploads\/2023\/06\/Beauty-Princess-17-CM-ST-1-a-2-White-800x800.jpg 800w, https:\/\/winter-princess.com\/wp-content\/uploads\/2023\/06\/Beauty-Princess-17-CM-ST-1-a-2-White-1200x1200.jpg 1200w, https:\/\/winter-princess.com\/wp-content\/uploads\/2023\/06\/Beauty-Princess-17-CM-ST-1-a-2-White.jpg 2000w\" sizes=\"(min-width: 2200px) 100vw, (min-width: 824px) 359px, (min-width: 732px) 538px, (min-width: 640px) 732px, \" \/>\t\t\t<\/a>\n\t\t\t\t\t\t\t<\/div>\n<div class=\"fusion-portfolio-content\" style=\"background-color:rgba(61,61,59,1);\"><h2 class=\"entry-title fusion-post-title\"><a href=\"https:\/\/winter-princess.com\/de\/portfolio-items\/beauty-princess-17cm\/\">Beauty Princess 17cm<\/a><\/h2><div class=\"fusion-post-content\"><\/div><\/div><\/div><\/article><article id=\"portfolio-1-post-13319\" class=\"fusion-portfolio-post fusion-col-spacing post-13319\"><div class=\"fusion-portfolio-content-wrapper\" style=\"border:1px solid #c59f6c;border-bottom-width:3px;background-color:rgba(61,61,59,1);\"><span class=\"vcard rich-snippet-hidden\"><span class=\"fn\"><a href=\"https:\/\/winter-princess.com\/de\/author\/studioblauw\/\" title=\"Beitr\u00e4ge von StudioBlauw\" rel=\"author\">StudioBlauw<\/a><\/span><\/span><span class=\"updated rich-snippet-hidden\">2023-11-24T15:11:56+00:00<\/span><div  class=\"fusion-image-wrapper\" aria-haspopup=\"true\">\n\t\t\t\t\t\t\t<a href=\"https:\/\/winter-princess.com\/de\/portfolio-items\/beauty-princess-21cm\/\" aria-label=\"Beauty Princess 21cm\">\n\t\t\t\t\t\t\t<img decoding=\"async\" width=\"2000\" height=\"2000\" src=\"https:\/\/winter-princess.com\/wp-content\/uploads\/2023\/06\/Beauty-Princess-21-CM-ST-1-a-2-White.jpg\" class=\"attachment-full size-full wp-post-image\" alt=\"\" srcset=\"https:\/\/winter-princess.com\/wp-content\/uploads\/2023\/06\/Beauty-Princess-21-CM-ST-1-a-2-White-200x200.jpg 200w, https:\/\/winter-princess.com\/wp-content\/uploads\/2023\/06\/Beauty-Princess-21-CM-ST-1-a-2-White-400x400.jpg 400w, https:\/\/winter-princess.com\/wp-content\/uploads\/2023\/06\/Beauty-Princess-21-CM-ST-1-a-2-White-600x600.jpg 600w, https:\/\/winter-princess.com\/wp-content\/uploads\/2023\/06\/Beauty-Princess-21-CM-ST-1-a-2-White-800x800.jpg 800w, https:\/\/winter-princess.com\/wp-content\/uploads\/2023\/06\/Beauty-Princess-21-CM-ST-1-a-2-White-1200x1200.jpg 1200w, https:\/\/winter-princess.com\/wp-content\/uploads\/2023\/06\/Beauty-Princess-21-CM-ST-1-a-2-White.jpg 2000w\" sizes=\"(min-width: 2200px) 100vw, (min-width: 824px) 359px, (min-width: 732px) 538px, (min-width: 640px) 732px, \" \/>\t\t\t<\/a>\n\t\t\t\t\t\t\t<\/div>\n<div class=\"fusion-portfolio-content\" style=\"background-color:rgba(61,61,59,1);\"><h2 class=\"entry-title fusion-post-title\"><a href=\"https:\/\/winter-princess.com\/de\/portfolio-items\/beauty-princess-21cm\/\">Beauty Princess 21cm<\/a><\/h2><div class=\"fusion-post-content\"><\/div><\/div><\/div><\/article><article id=\"portfolio-1-post-13313\" class=\"fusion-portfolio-post fusion-col-spacing post-13313\"><div class=\"fusion-portfolio-content-wrapper\" style=\"border:1px solid #c59f6c;border-bottom-width:3px;background-color:rgba(61,61,59,1);\"><span class=\"vcard rich-snippet-hidden\"><span class=\"fn\"><a href=\"https:\/\/winter-princess.com\/de\/author\/studioblauw\/\" title=\"Beitr\u00e4ge von StudioBlauw\" rel=\"author\">StudioBlauw<\/a><\/span><\/span><span class=\"updated rich-snippet-hidden\">2023-11-24T15:11:16+00:00<\/span><div  class=\"fusion-image-wrapper\" aria-haspopup=\"true\">\n\t\t\t\t\t\t\t<a href=\"https:\/\/winter-princess.com\/de\/portfolio-items\/early-princess-17cm\/\" aria-label=\"Early Princess 17cm\">\n\t\t\t\t\t\t\t<img decoding=\"async\" width=\"2000\" height=\"2000\" src=\"https:\/\/winter-princess.com\/wp-content\/uploads\/2023\/07\/Early-Princess-17-CM-ST-1-a-2-White.jpg\" class=\"attachment-full size-full wp-post-image\" alt=\"\" srcset=\"https:\/\/winter-princess.com\/wp-content\/uploads\/2023\/07\/Early-Princess-17-CM-ST-1-a-2-White-200x200.jpg 200w, https:\/\/winter-princess.com\/wp-content\/uploads\/2023\/07\/Early-Princess-17-CM-ST-1-a-2-White-400x400.jpg 400w, https:\/\/winter-princess.com\/wp-content\/uploads\/2023\/07\/Early-Princess-17-CM-ST-1-a-2-White-600x600.jpg 600w, https:\/\/winter-princess.com\/wp-content\/uploads\/2023\/07\/Early-Princess-17-CM-ST-1-a-2-White-800x800.jpg 800w, https:\/\/winter-princess.com\/wp-content\/uploads\/2023\/07\/Early-Princess-17-CM-ST-1-a-2-White-1200x1200.jpg 1200w, https:\/\/winter-princess.com\/wp-content\/uploads\/2023\/07\/Early-Princess-17-CM-ST-1-a-2-White.jpg 2000w\" sizes=\"(min-width: 2200px) 100vw, (min-width: 824px) 359px, (min-width: 732px) 538px, (min-width: 640px) 732px, \" \/>\t\t\t<\/a>\n\t\t\t\t\t\t\t<\/div>\n<div class=\"fusion-portfolio-content\" style=\"background-color:rgba(61,61,59,1);\"><h2 class=\"entry-title fusion-post-title\"><a href=\"https:\/\/winter-princess.com\/de\/portfolio-items\/early-princess-17cm\/\">Early Princess 17cm<\/a><\/h2><div class=\"fusion-post-content\"><\/div><\/div><\/div><\/article><article id=\"portfolio-1-post-13307\" class=\"fusion-portfolio-post fusion-col-spacing post-13307\"><div class=\"fusion-portfolio-content-wrapper\" style=\"border:1px solid #c59f6c;border-bottom-width:3px;background-color:rgba(61,61,59,1);\"><span class=\"vcard rich-snippet-hidden\"><span class=\"fn\"><a href=\"https:\/\/winter-princess.com\/de\/author\/studioblauw\/\" title=\"Beitr\u00e4ge von StudioBlauw\" rel=\"author\">StudioBlauw<\/a><\/span><\/span><span class=\"updated rich-snippet-hidden\">2023-11-24T15:10:37+00:00<\/span><div  class=\"fusion-image-wrapper\" aria-haspopup=\"true\">\n\t\t\t\t\t\t\t<a href=\"https:\/\/winter-princess.com\/de\/portfolio-items\/pink-princess-17cm\/\" aria-label=\"Pink Princess 17cm\">\n\t\t\t\t\t\t\t<img decoding=\"async\" width=\"2000\" height=\"2000\" src=\"https:\/\/winter-princess.com\/wp-content\/uploads\/2023\/06\/Pink-Princess-17-CM-ST-1-2-White.jpg\" class=\"attachment-full size-full wp-post-image\" alt=\"\" srcset=\"https:\/\/winter-princess.com\/wp-content\/uploads\/2023\/06\/Pink-Princess-17-CM-ST-1-2-White-200x200.jpg 200w, https:\/\/winter-princess.com\/wp-content\/uploads\/2023\/06\/Pink-Princess-17-CM-ST-1-2-White-400x400.jpg 400w, https:\/\/winter-princess.com\/wp-content\/uploads\/2023\/06\/Pink-Princess-17-CM-ST-1-2-White-600x600.jpg 600w, https:\/\/winter-princess.com\/wp-content\/uploads\/2023\/06\/Pink-Princess-17-CM-ST-1-2-White-800x800.jpg 800w, https:\/\/winter-princess.com\/wp-content\/uploads\/2023\/06\/Pink-Princess-17-CM-ST-1-2-White-1200x1200.jpg 1200w, https:\/\/winter-princess.com\/wp-content\/uploads\/2023\/06\/Pink-Princess-17-CM-ST-1-2-White.jpg 2000w\" sizes=\"(min-width: 2200px) 100vw, (min-width: 824px) 359px, (min-width: 732px) 538px, (min-width: 640px) 732px, \" \/>\t\t\t<\/a>\n\t\t\t\t\t\t\t<\/div>\n<div class=\"fusion-portfolio-content\" style=\"background-color:rgba(61,61,59,1);\"><h2 class=\"entry-title fusion-post-title\"><a href=\"https:\/\/winter-princess.com\/de\/portfolio-items\/pink-princess-17cm\/\">Pink Princess 17cm<\/a><\/h2><div class=\"fusion-post-content\"><\/div><\/div><\/div><\/article><article id=\"portfolio-1-post-13301\" class=\"fusion-portfolio-post fusion-col-spacing post-13301\"><div class=\"fusion-portfolio-content-wrapper\" style=\"border:1px solid #c59f6c;border-bottom-width:3px;background-color:rgba(61,61,59,1);\"><span class=\"vcard rich-snippet-hidden\"><span class=\"fn\"><a href=\"https:\/\/winter-princess.com\/de\/author\/studioblauw\/\" title=\"Beitr\u00e4ge von StudioBlauw\" rel=\"author\">StudioBlauw<\/a><\/span><\/span><span class=\"updated rich-snippet-hidden\">2023-11-24T15:10:01+00:00<\/span><div  class=\"fusion-image-wrapper\" aria-haspopup=\"true\">\n\t\t\t\t\t\t\t<a href=\"https:\/\/winter-princess.com\/de\/portfolio-items\/red-princess-17cm\/\" aria-label=\"Red Princess 17cm\">\n\t\t\t\t\t\t\t<img decoding=\"async\" width=\"2000\" height=\"2000\" src=\"https:\/\/winter-princess.com\/wp-content\/uploads\/2023\/06\/Red-Princess-17-CM-ST-1-2-White.jpg\" class=\"attachment-full size-full wp-post-image\" alt=\"\" srcset=\"https:\/\/winter-princess.com\/wp-content\/uploads\/2023\/06\/Red-Princess-17-CM-ST-1-2-White-200x200.jpg 200w, https:\/\/winter-princess.com\/wp-content\/uploads\/2023\/06\/Red-Princess-17-CM-ST-1-2-White-400x400.jpg 400w, https:\/\/winter-princess.com\/wp-content\/uploads\/2023\/06\/Red-Princess-17-CM-ST-1-2-White-600x600.jpg 600w, https:\/\/winter-princess.com\/wp-content\/uploads\/2023\/06\/Red-Princess-17-CM-ST-1-2-White-800x800.jpg 800w, https:\/\/winter-princess.com\/wp-content\/uploads\/2023\/06\/Red-Princess-17-CM-ST-1-2-White-1200x1200.jpg 1200w, https:\/\/winter-princess.com\/wp-content\/uploads\/2023\/06\/Red-Princess-17-CM-ST-1-2-White.jpg 2000w\" sizes=\"(min-width: 2200px) 100vw, (min-width: 824px) 359px, (min-width: 732px) 538px, (min-width: 640px) 732px, \" \/>\t\t\t<\/a>\n\t\t\t\t\t\t\t<\/div>\n<div class=\"fusion-portfolio-content\" style=\"background-color:rgba(61,61,59,1);\"><h2 class=\"entry-title fusion-post-title\"><a href=\"https:\/\/winter-princess.com\/de\/portfolio-items\/red-princess-17cm\/\">Red Princess 17cm<\/a><\/h2><div class=\"fusion-post-content\"><\/div><\/div><\/div><\/article><article id=\"portfolio-1-post-13295\" class=\"fusion-portfolio-post fusion-col-spacing post-13295\"><div class=\"fusion-portfolio-content-wrapper\" style=\"border:1px solid #c59f6c;border-bottom-width:3px;background-color:rgba(61,61,59,1);\"><span class=\"vcard rich-snippet-hidden\"><span class=\"fn\"><a href=\"https:\/\/winter-princess.com\/de\/author\/studioblauw\/\" title=\"Beitr\u00e4ge von StudioBlauw\" rel=\"author\">StudioBlauw<\/a><\/span><\/span><span class=\"updated rich-snippet-hidden\">2023-12-01T11:05:09+00:00<\/span><div  class=\"fusion-image-wrapper\" aria-haspopup=\"true\">\n\t\t\t\t\t\t\t<a href=\"https:\/\/winter-princess.com\/de\/portfolio-items\/viv-victoria-17cm\/\" aria-label=\"Viv Victoria 17cm\">\n\t\t\t\t\t\t\t<img decoding=\"async\" width=\"2000\" height=\"2000\" src=\"https:\/\/winter-princess.com\/wp-content\/uploads\/2023\/06\/Victoria-17-CM-ST-2-a-3-White.jpg\" class=\"attachment-full size-full wp-post-image\" alt=\"\" srcset=\"https:\/\/winter-princess.com\/wp-content\/uploads\/2023\/06\/Victoria-17-CM-ST-2-a-3-White-200x200.jpg 200w, https:\/\/winter-princess.com\/wp-content\/uploads\/2023\/06\/Victoria-17-CM-ST-2-a-3-White-400x400.jpg 400w, https:\/\/winter-princess.com\/wp-content\/uploads\/2023\/06\/Victoria-17-CM-ST-2-a-3-White-600x600.jpg 600w, https:\/\/winter-princess.com\/wp-content\/uploads\/2023\/06\/Victoria-17-CM-ST-2-a-3-White-800x800.jpg 800w, https:\/\/winter-princess.com\/wp-content\/uploads\/2023\/06\/Victoria-17-CM-ST-2-a-3-White-1200x1200.jpg 1200w, https:\/\/winter-princess.com\/wp-content\/uploads\/2023\/06\/Victoria-17-CM-ST-2-a-3-White.jpg 2000w\" sizes=\"(min-width: 2200px) 100vw, (min-width: 824px) 359px, (min-width: 732px) 538px, (min-width: 640px) 732px, \" \/>\t\t\t<\/a>\n\t\t\t\t\t\t\t<\/div>\n<div class=\"fusion-portfolio-content\" style=\"background-color:rgba(61,61,59,1);\"><h2 class=\"entry-title fusion-post-title\"><a href=\"https:\/\/winter-princess.com\/de\/portfolio-items\/viv-victoria-17cm\/\">Viv Victoria 17cm<\/a><\/h2><div class=\"fusion-post-content\"><\/div><\/div><\/div><\/article><\/div><div class=\"fusion-infinite-scroll-trigger\"><\/div><div class=\"pagination infinite-scroll clearfix\" style=\"display:none;\"><span class=\"current\">1<\/span><a href=\"https:\/\/winter-princess.com\/de\/wp-json\/wp\/v2\/pages\/13167\/page\/2\/\" class=\"inactive\">2<\/a><a class=\"pagination-next\" rel=\"next\" href=\"https:\/\/winter-princess.com\/de\/wp-json\/wp\/v2\/pages\/13167\/page\/2\/\"><span class=\"page-text\">Next<\/span><span class=\"page-next\"><\/span><\/a><\/div><div class=\"fusion-clearfix\"><\/div><\/div><div class=\"fusion-clearfix\"><\/div><\/div><\/div><\/div><\/div><\/p>\n","protected":false},"excerpt":{"rendered":"","protected":false},"author":1,"featured_media":0,"parent":0,"menu_order":0,"comment_status":"closed","ping_status":"closed","template":"100-width.php","meta":{"footnotes":""},"class_list":["post-13167","page","type-page","status-publish","hentry"],"_links":{"self":[{"href":"https:\/\/winter-princess.com\/de\/wp-json\/wp\/v2\/pages\/13167","targetHints":{"allow":["GET"]}}],"collection":[{"href":"https:\/\/winter-princess.com\/de\/wp-json\/wp\/v2\/pages"}],"about":[{"href":"https:\/\/winter-princess.com\/de\/wp-json\/wp\/v2\/types\/page"}],"author":[{"embeddable":true,"href":"https:\/\/winter-princess.com\/de\/wp-json\/wp\/v2\/users\/1"}],"replies":[{"embeddable":true,"href":"https:\/\/winter-princess.com\/de\/wp-json\/wp\/v2\/comments?post=13167"}],"version-history":[{"count":2,"href":"https:\/\/winter-princess.com\/de\/wp-json\/wp\/v2\/pages\/13167\/revisions"}],"predecessor-version":[{"id":13171,"href":"https:\/\/winter-princess.com\/de\/wp-json\/wp\/v2\/pages\/13167\/revisions\/13171"}],"wp:attachment":[{"href":"https:\/\/winter-princess.com\/de\/wp-json\/wp\/v2\/media?parent=13167"}],"curies":[{"name":"wp","href":"https:\/\/api.w.org\/{rel}","templated":true}]}}